{"id":593,"date":"2009-09-08T10:49:18","date_gmt":"2009-09-08T09:49:18","guid":{"rendered":"http:\/\/www.ra-grotha.de\/wordpress\/?page_id=593"},"modified":"2026-01-03T18:31:17","modified_gmt":"2026-01-03T17:31:17","slug":"arbeitsforderung","status":"publish","type":"page","link":"https:\/\/www.ra-grotha.de\/wordpress\/sozialrecht\/arbeitsforderung\/","title":{"rendered":"Arbeitslosengeld"},"content":{"rendered":"<p>Ein wesentlicher Teil der Arbeitsf\u00f6rderung ist das <strong>Arbeitslosengeld<\/strong>. Hier geht es oftmals um folgende Problembereiche:<\/p>\n<ul>\n<li>Anspruchsvoraussetzungen, Anspruchsdauer, Anspruchsh\u00f6he<\/li>\n<li>Sperrzeiten, Ruhenszeiten<\/li>\n<li>Begriff der zumutbaren Besch\u00e4ftigung<\/li>\n<li>Mitwirkungspflichten des Leistungsbeziehers<\/li>\n<li>Anrechnung von Nebeneink\u00fcnften<\/li>\n<\/ul>\n<p>Ein weiterer Bestandteil der Arbeitsf\u00f6rderung sind die Ma\u00dfnahmen der aktiven Arbeitsf\u00f6rderung sowie die sonstigen Leistungen der Beh\u00f6rde, wie zum Beispiel:<\/p>\n<ul>\n<li>Berufliche Weiterbildung, Teilhabe am Arbeitsleben<\/li>\n<li>Berufliche Eingliederung behinderter Menschen<\/li>\n<li>Hilfen bei Arbeitssuche, Arbeitsaufnahme und Existenzgr\u00fcndung (Gr\u00fcndungszuschuss u.a.)<\/li>\n<li>Leistungen der Arbeitsf\u00f6rderung an den Arbeitgeber<\/li>\n<\/ul>\n<p>Zust\u00e4ndig ist die Agentur f\u00fcr Arbeit.<\/p>\n","protected":false},"excerpt":{"rendered":"<p>Ein wesentlicher Teil der Arbeitsf\u00f6rderung ist das Arbeitslosengeld. Hier geht es oftmals um folgende Problembereiche: Anspruchsvoraussetzungen, Anspruchsdauer, Anspruchsh\u00f6he Sperrzeiten, Ruhenszeiten Begriff der zumutbaren Besch\u00e4ftigung Mitwirkungspflichten des Leistungsbeziehers Anrechnung von Nebeneink\u00fcnften Ein weiterer Bestandteil der Arbeitsf\u00f6rderung sind die Ma\u00dfnahmen der aktiven<\/p>\n","protected":false},"author":1,"featured_media":0,"parent":74,"menu_order":0,"comment_status":"closed","ping_status":"closed","template":"","meta":{"footnotes":""},"class_list":["post-593","page","type-page","status-publish","hentry"],"_links":{"self":[{"href":"https:\/\/www.ra-grotha.de\/wordpress\/wp-json\/wp\/v2\/pages\/593","targetHints":{"allow":["GET"]}}],"collection":[{"href":"https:\/\/www.ra-grotha.de\/wordpress\/wp-json\/wp\/v2\/pages"}],"about":[{"href":"https:\/\/www.ra-grotha.de\/wordpress\/wp-json\/wp\/v2\/types\/page"}],"author":[{"embeddable":true,"href":"https:\/\/www.ra-grotha.de\/wordpress\/wp-json\/wp\/v2\/users\/1"}],"replies":[{"embeddable":true,"href":"https:\/\/www.ra-grotha.de\/wordpress\/wp-json\/wp\/v2\/comments?post=593"}],"version-history":[{"count":9,"href":"https:\/\/www.ra-grotha.de\/wordpress\/wp-json\/wp\/v2\/pages\/593\/revisions"}],"predecessor-version":[{"id":4224,"href":"https:\/\/www.ra-grotha.de\/wordpress\/wp-json\/wp\/v2\/pages\/593\/revisions\/4224"}],"up":[{"embeddable":true,"href":"https:\/\/www.ra-grotha.de\/wordpress\/wp-json\/wp\/v2\/pages\/74"}],"wp:attachment":[{"href":"https:\/\/www.ra-grotha.de\/wordpress\/wp-json\/wp\/v2\/media?parent=593"}],"curies":[{"name":"wp","href":"https:\/\/api.w.org\/{rel}","templated":true}]}}