{"id":452,"date":"2009-08-20T20:05:16","date_gmt":"2009-08-20T19:05:16","guid":{"rendered":"http:\/\/www.ra-grotha.de\/wordpress\/?page_id=452"},"modified":"2024-02-02T13:12:58","modified_gmt":"2024-02-02T12:12:58","slug":"rentenrecht","status":"publish","type":"page","link":"https:\/\/www.ra-grotha.de\/wordpress\/sozialrecht\/rentenrecht\/","title":{"rendered":"Rentenversicherung"},"content":{"rendered":"\n<figure class=\"wp-block-image aligncenter size-large\"><a href=\"https:\/\/www.ra-grotha.de\/wp-content\/uploads\/2024\/02\/O2A0820-min-scaled.jpg\"><img loading=\"lazy\" decoding=\"async\" width=\"1024\" height=\"683\" src=\"https:\/\/www.ra-grotha.de\/wp-content\/uploads\/2024\/02\/O2A0820-min-1024x683.jpg\" alt=\"\" class=\"wp-image-2998\" srcset=\"https:\/\/www.ra-grotha.de\/wp-content\/uploads\/2024\/02\/O2A0820-min-1024x683.jpg 1024w, https:\/\/www.ra-grotha.de\/wp-content\/uploads\/2024\/02\/O2A0820-min-300x200.jpg 300w, https:\/\/www.ra-grotha.de\/wp-content\/uploads\/2024\/02\/O2A0820-min-768x512.jpg 768w, https:\/\/www.ra-grotha.de\/wp-content\/uploads\/2024\/02\/O2A0820-min-1536x1024.jpg 1536w, https:\/\/www.ra-grotha.de\/wp-content\/uploads\/2024\/02\/O2A0820-min-2048x1365.jpg 2048w\" sizes=\"auto, (max-width: 1024px) 100vw, 1024px\" \/><\/a><\/figure>\n\n\n\n<p>Das Recht der <strong>gesetzlichen Rentenversicherung ist vielf\u00e4ltig und komplex<\/strong>. In der anwaltlichen Praxis geht es h\u00e4ufig um Problemstellungen aus folgenden Bereichen:<\/p>\n\n\n\n<ul class=\"wp-block-list\">\n<li>Rente wegen teilweiser oder voller Erwerbsminderung<\/li>\n\n\n\n<li>Berufsunf\u00e4higkeitsrente<\/li>\n\n\n\n<li>Leistungen zur Teilhabe am Arbeitsleben<\/li>\n\n\n\n<li>medizinische Rehabilitationsleistungen<\/li>\n\n\n\n<li>Versicherungspflicht \/ Versicherungsfreiheit<\/li>\n<\/ul>\n\n\n\n<p>Im Bereich der (drohenden oder bestehenden) <strong>Erwerbsminderung steht oftmals das Restleistungsverm\u00f6gen der Betroffenen im Streit<\/strong>, d.h. die Frage, ob und inwieweit der Versicherte noch in der Lage ist, einer Erwerbst\u00e4tigkeit nachzugehen.<\/p>\n\n\n\n<figure class=\"wp-block-image alignright\"><img loading=\"lazy\" decoding=\"async\" width=\"300\" height=\"200\" src=\"http:\/\/www.ra-grotha.de\/wp-content\/uploads\/2009\/08\/Seelische-Erkrankungen-300x200.jpeg\" alt=\"\" class=\"wp-image-1482\" srcset=\"https:\/\/www.ra-grotha.de\/wp-content\/uploads\/2009\/08\/Seelische-Erkrankungen-300x200.jpeg 300w, https:\/\/www.ra-grotha.de\/wp-content\/uploads\/2009\/08\/Seelische-Erkrankungen-768x512.jpeg 768w, https:\/\/www.ra-grotha.de\/wp-content\/uploads\/2009\/08\/Seelische-Erkrankungen-1024x683.jpeg 1024w\" sizes=\"auto, (max-width: 300px) 100vw, 300px\" \/><\/figure>\n\n\n\n<p>H\u00e4ufigste Ursache einer Erwerbsminderung sind seelische Erkrankungen. So mussten beispielsweise im Jahr 2016 insgesamt 43 Prozent aller Neurentner wegen dauerhafter seelischer Erkrankungen (Angstst\u00f6rung, Depressionen etc.) aus dem Berufsleben ausscheiden.<\/p>\n\n\n\n<p>Bei 13,1 Prozent war eine Erkrankung des Skeletts oder der Muskulatur die Ursache, bei 12,8 Prozent Krebs und bei 9,3 Prozent das Herz bzw. der Kreislauf.<\/p>\n\n\n\n<p>Diese Verteilung spiegelt sich auch in der anwaltlichen Praxis nieder. H\u00e4ufig sind seelische Erkrankungen meiner Mandanten Gegenstand der rentenrechtlichen Verfahren. Gerade in diesem Bereich wirkt die anwaltliche Vertretung f\u00fcr viele Betroffene entlastend, da die Kraft f\u00fcr eigenst\u00e4ndige Auseinandersetzungen mit den Beh\u00f6rden einfach nicht mehr ausreicht.<\/p>\n\n\n\n<p><strong>Lassen Sie sich helfen. Ich unterst\u00fctze Sie gern und vertrete Sie gegen\u00fcber der Rentenversicherung.<\/strong><\/p>\n","protected":false},"excerpt":{"rendered":"<p>Das Recht der gesetzlichen Rentenversicherung ist vielf\u00e4ltig und komplex. In der anwaltlichen Praxis geht es h\u00e4ufig um Problemstellungen aus folgenden Bereichen: Im Bereich der (drohenden oder bestehenden) Erwerbsminderung steht oftmals das Restleistungsverm\u00f6gen der Betroffenen im Streit, d.h. die Frage, ob<\/p>\n","protected":false},"author":1,"featured_media":0,"parent":74,"menu_order":5,"comment_status":"closed","ping_status":"closed","template":"","meta":{"footnotes":""},"class_list":["post-452","page","type-page","status-publish","hentry"],"_links":{"self":[{"href":"https:\/\/www.ra-grotha.de\/wordpress\/wp-json\/wp\/v2\/pages\/452","targetHints":{"allow":["GET"]}}],"collection":[{"href":"https:\/\/www.ra-grotha.de\/wordpress\/wp-json\/wp\/v2\/pages"}],"about":[{"href":"https:\/\/www.ra-grotha.de\/wordpress\/wp-json\/wp\/v2\/types\/page"}],"author":[{"embeddable":true,"href":"https:\/\/www.ra-grotha.de\/wordpress\/wp-json\/wp\/v2\/users\/1"}],"replies":[{"embeddable":true,"href":"https:\/\/www.ra-grotha.de\/wordpress\/wp-json\/wp\/v2\/comments?post=452"}],"version-history":[{"count":24,"href":"https:\/\/www.ra-grotha.de\/wordpress\/wp-json\/wp\/v2\/pages\/452\/revisions"}],"predecessor-version":[{"id":3027,"href":"https:\/\/www.ra-grotha.de\/wordpress\/wp-json\/wp\/v2\/pages\/452\/revisions\/3027"}],"up":[{"embeddable":true,"href":"https:\/\/www.ra-grotha.de\/wordpress\/wp-json\/wp\/v2\/pages\/74"}],"wp:attachment":[{"href":"https:\/\/www.ra-grotha.de\/wordpress\/wp-json\/wp\/v2\/media?parent=452"}],"curies":[{"name":"wp","href":"https:\/\/api.w.org\/{rel}","templated":true}]}}