{"id":2298,"date":"2020-05-25T13:49:45","date_gmt":"2020-05-25T12:49:45","guid":{"rendered":"http:\/\/www.ra-grotha.de\/?page_id=2298"},"modified":"2025-09-25T09:26:39","modified_gmt":"2025-09-25T08:26:39","slug":"ihre-vorteile","status":"publish","type":"page","link":"https:\/\/www.ra-grotha.de\/wordpress\/ueber-mich\/ihre-vorteile\/","title":{"rendered":"Ihre Vorteile"},"content":{"rendered":"\n<h3 class=\"wp-block-heading\">Was d\u00fcrfen Sie von mir erwarten, wenn Sie mich mit einer Beratung oder Vertretung beauftragen ?<\/h3>\n\n\n\n<figure class=\"wp-block-image aligncenter size-large is-resized\"><a href=\"https:\/\/www.ra-grotha.de\/wp-content\/uploads\/2024\/02\/O2A0286-min-scaled.jpg\"><img loading=\"lazy\" decoding=\"async\" width=\"1024\" height=\"683\" src=\"https:\/\/www.ra-grotha.de\/wp-content\/uploads\/2024\/02\/O2A0286-min-1024x683.jpg\" alt=\"\" class=\"wp-image-2992\" style=\"width:867px;height:auto\" srcset=\"https:\/\/www.ra-grotha.de\/wp-content\/uploads\/2024\/02\/O2A0286-min-1024x683.jpg 1024w, https:\/\/www.ra-grotha.de\/wp-content\/uploads\/2024\/02\/O2A0286-min-300x200.jpg 300w, https:\/\/www.ra-grotha.de\/wp-content\/uploads\/2024\/02\/O2A0286-min-768x512.jpg 768w, https:\/\/www.ra-grotha.de\/wp-content\/uploads\/2024\/02\/O2A0286-min-1536x1024.jpg 1536w, https:\/\/www.ra-grotha.de\/wp-content\/uploads\/2024\/02\/O2A0286-min-2048x1365.jpg 2048w\" sizes=\"auto, (max-width: 1024px) 100vw, 1024px\" \/><\/a><\/figure>\n\n\n\n<h5 class=\"wp-block-heading\">Als Ihr Rechtsanwalt<\/h5>\n\n\n\n<ul class=\"wp-block-list\">\n<li>kenne ich die richtigen Wege und Regeln, an die man sich halten muss<\/li>\n\n\n\n<li>vertrete ich ausschlie\u00dflich Ihre Interessen &#8211; unabh\u00e4ngig und verschwiegen<\/li>\n\n\n\n<li>habe ich das Recht, Ihre Akten und Unterlagen bei Beh\u00f6rden und Gerichten einzusehen<\/li>\n\n\n\n<li>zwinge ich mit sachkundigen Argumenten die \u00c4mter oder Leistungstr\u00e4ger dazu, sich genauestens mit Ihrem Anliegen zu befassen<\/li>\n\n\n\n<li>kenne ich die &#8222;Eigenheiten&#8220; der \u00f6rtlichen Beh\u00f6rden und Gerichte und wei\u00df, wie man mit ihnen umgeht<\/li>\n<\/ul>\n\n\n\n<h5 class=\"wp-block-heading\">Dabei biete ich Ihnen an<\/h5>\n\n\n\n<ul class=\"wp-block-list\">\n<li>hohes Fachwissen: ich bin Fachanwalt f\u00fcr Sozialrecht<\/li>\n\n\n\n<li>laufende Fortbildung: als Fachanwalt bin ich zur st\u00e4ndigen Fortbildung verpflichtet<\/li>\n\n\n\n<li>langj\u00e4hrige Erfahrung: ich bin seit langer Zeit ausschlie\u00dflich sozialrechtlich t\u00e4tig, nicht nur &#8222;nebenher&#8220;<\/li>\n\n\n\n<li>Empathie und Menschlichkeit: ich wei\u00df um die hohe Bedeutung Ihrer Angelegenheit&nbsp; und bin mir der Belastung bewusst, die Ihre Situation f\u00fcr Sie bedeutet<\/li>\n\n\n\n<li>pers\u00f6nliche Betreuung: keine Anwaltsfabrik mit wechselnden Ansprechpartnern<\/li>\n\n\n\n<li>transparente Kosten: Sie sollen rechtzeitig wissen, welche Kosten auf Sie zukommen und keine b\u00f6sen \u00dcberraschungen erleben<\/li>\n\n\n\n<li>Nutzung moderner Kommunikation, wie z.B. eine Online-Akte, Online-Terminbuchung und Video-Beratung<\/li>\n\n\n\n<li>klare Sprache: ich kommuniziere verst\u00e4ndlich &#8211; kein hochtrabendes Juristen-Deutsch<\/li>\n\n\n\n<li>ich bin f\u00fcr Sie da und habe ein offenes Ohr f\u00fcr Ihre Sorgen und Fragen<\/li>\n\n\n\n<li>trotz der Ernsthaftigkeit Ihres Anliegens bewahre ich mir eine gewisse Lockerheit, gew\u00fcrzt mit einer Prise Humor<\/li>\n<\/ul>\n","protected":false},"excerpt":{"rendered":"<p>Was d\u00fcrfen Sie von mir erwarten, wenn Sie mich mit einer Beratung oder Vertretung beauftragen ? Als Ihr Rechtsanwalt Dabei biete ich Ihnen an<\/p>\n","protected":false},"author":1,"featured_media":0,"parent":2,"menu_order":2,"comment_status":"closed","ping_status":"closed","template":"","meta":{"footnotes":""},"class_list":["post-2298","page","type-page","status-publish","hentry"],"_links":{"self":[{"href":"https:\/\/www.ra-grotha.de\/wordpress\/wp-json\/wp\/v2\/pages\/2298","targetHints":{"allow":["GET"]}}],"collection":[{"href":"https:\/\/www.ra-grotha.de\/wordpress\/wp-json\/wp\/v2\/pages"}],"about":[{"href":"https:\/\/www.ra-grotha.de\/wordpress\/wp-json\/wp\/v2\/types\/page"}],"author":[{"embeddable":true,"href":"https:\/\/www.ra-grotha.de\/wordpress\/wp-json\/wp\/v2\/users\/1"}],"replies":[{"embeddable":true,"href":"https:\/\/www.ra-grotha.de\/wordpress\/wp-json\/wp\/v2\/comments?post=2298"}],"version-history":[{"count":5,"href":"https:\/\/www.ra-grotha.de\/wordpress\/wp-json\/wp\/v2\/pages\/2298\/revisions"}],"predecessor-version":[{"id":4098,"href":"https:\/\/www.ra-grotha.de\/wordpress\/wp-json\/wp\/v2\/pages\/2298\/revisions\/4098"}],"up":[{"embeddable":true,"href":"https:\/\/www.ra-grotha.de\/wordpress\/wp-json\/wp\/v2\/pages\/2"}],"wp:attachment":[{"href":"https:\/\/www.ra-grotha.de\/wordpress\/wp-json\/wp\/v2\/media?parent=2298"}],"curies":[{"name":"wp","href":"https:\/\/api.w.org\/{rel}","templated":true}]}}