{"id":21,"date":"2009-03-23T09:23:12","date_gmt":"2009-03-23T08:23:12","guid":{"rendered":"http:\/\/www.ra-grotha.de\/wordpress\/?page_id=21"},"modified":"2024-02-02T16:36:40","modified_gmt":"2024-02-02T15:36:40","slug":"rechtsanwalt","status":"publish","type":"page","link":"https:\/\/www.ra-grotha.de\/wordpress\/ueber-mich\/rechtsanwalt\/","title":{"rendered":"\u00dcber mich"},"content":{"rendered":"\n<figure class=\"wp-block-image alignright size-large is-resized\"><a href=\"https:\/\/www.ra-grotha.de\/wp-content\/uploads\/2024\/02\/O2A0755-min-scaled.jpg\"><img loading=\"lazy\" decoding=\"async\" width=\"683\" height=\"1024\" src=\"https:\/\/www.ra-grotha.de\/wp-content\/uploads\/2024\/02\/O2A0755-min-683x1024.jpg\" alt=\"\" class=\"wp-image-2996\" style=\"width:472px;height:auto\" srcset=\"https:\/\/www.ra-grotha.de\/wp-content\/uploads\/2024\/02\/O2A0755-min-683x1024.jpg 683w, https:\/\/www.ra-grotha.de\/wp-content\/uploads\/2024\/02\/O2A0755-min-200x300.jpg 200w, https:\/\/www.ra-grotha.de\/wp-content\/uploads\/2024\/02\/O2A0755-min-768x1152.jpg 768w, https:\/\/www.ra-grotha.de\/wp-content\/uploads\/2024\/02\/O2A0755-min-1024x1536.jpg 1024w, https:\/\/www.ra-grotha.de\/wp-content\/uploads\/2024\/02\/O2A0755-min-1365x2048.jpg 1365w, https:\/\/www.ra-grotha.de\/wp-content\/uploads\/2024\/02\/O2A0755-min-scaled.jpg 1707w\" sizes=\"auto, (max-width: 683px) 100vw, 683px\" \/><\/a><\/figure>\n\n\n\n<p>Ich bin Alexander Grotha, Rechtsanwalt und mit Begeisterung Sozialrechtler.<\/p>\n\n\n\n<p>Nach meiner Geburt 1975 in Kassel habe ich dort auch den ersten Teil meines Lebens verbracht. Nach dem Abitur hat mich der Weg in \u201edie gro\u00dfe, weite Welt\u201c gef\u00fchrt \u2013 und endete erst einmal in: Bielefeld.<\/p>\n\n\n\n<p>Klingt wenig spannend, war aber eine tolle Zeit als Jura-Student in dieser liebenswerten Stadt.<\/p>\n\n\n\n<p>Zum Ende des Studiums bin ich \u201eder Liebe wegen\u201c wieder nach Kassel zur\u00fcck gekehrt und lebe dort mit meiner Familie im Landkreis.<\/p>\n\n\n\n<p>Nach dem Rechtsreferendariat am Landgericht Kassel war ich zun\u00e4chst als juristischer Mitarbeiter in einer Kasseler Kanzlei t\u00e4tig und begann dabei auch, die anwaltliche T\u00e4tigkeit im Sozialrecht kennen zu lernen und zu sch\u00e4tzen.<\/p>\n\n\n\n<p>Als ich mich dann 2008 als Rechtsanwalt selbst\u00e4ndig gemacht habe, war der Plan klar: das Sozialrecht soll es sein !<\/p>\n\n\n\n<h4 class=\"wp-block-heading\"><em><strong>Warum ausgerechnet Sozialrecht ?<\/strong><\/em><\/h4>\n\n\n\n<p>Es hei\u00dft, das Sozialrecht sei schwierig und komplex, die zu verdienenden Geb\u00fchren niedrig. Das stimmt schon und bereitet auch Probleme.<\/p>\n\n\n\n<p>Aber: in fast jedem Fall geht es um wirklich wichtige Dinge f\u00fcr die Mandanten, die sich in einer schwierigen Situation befinden, sei es durch Arbeitslosigkeit, Krankheit, Behinderung, Pflegebed\u00fcrftigkeit oder \u00c4hnliches. Ich kann also helfen, die Mandanten in einer ganz schwierigen Lebenssituation zu unterst\u00fctzen. Und ich kann tats\u00e4chlich sehr h\u00e4ufig etwas erreichen und somit sp\u00fcrbar helfen. Das motiviert mich.<\/p>\n\n\n\n<p>Ich w\u00e4re im Beruf des Rechtsanwaltes nicht gl\u00fccklich, wenn ich mich tagt\u00e4glich f\u00fcr Mandanten um Beulen im Auto, Kratzer auf der neuen K\u00fcche oder einen umgefallenen Gartenzwerg am Gartenzaun des Nachbarn streiten sollte. Zum Gl\u00fcck muss ich das auch nicht, das ist der Vorteil eines Freiberuflers.<\/p>\n\n\n\n<hr class=\"wp-block-separator has-alpha-channel-opacity\"\/>\n\n\n\n<p>Zu der Frage, wie ich als Anwalt zum Sozialrecht gekommen bin und warum ich das mache, berichte ich auch in diesem Video:<\/p>\n\n\n\n<figure class=\"wp-block-image aligncenter size-large is-resized\"><a href=\"https:\/\/youtu.be\/QTAYXS8dQfk\" target=\"_blank\" rel=\"noreferrer noopener\"><img loading=\"lazy\" decoding=\"async\" width=\"1024\" height=\"576\" src=\"https:\/\/www.ra-grotha.de\/wp-content\/uploads\/2023\/11\/Warum-Sozialrecht-Cover-1024x576.jpg\" alt=\"\" class=\"wp-image-2947\" style=\"width:245px;height:auto\" srcset=\"https:\/\/www.ra-grotha.de\/wp-content\/uploads\/2023\/11\/Warum-Sozialrecht-Cover-1024x576.jpg 1024w, https:\/\/www.ra-grotha.de\/wp-content\/uploads\/2023\/11\/Warum-Sozialrecht-Cover-300x169.jpg 300w, https:\/\/www.ra-grotha.de\/wp-content\/uploads\/2023\/11\/Warum-Sozialrecht-Cover-768x432.jpg 768w, https:\/\/www.ra-grotha.de\/wp-content\/uploads\/2023\/11\/Warum-Sozialrecht-Cover-1536x864.jpg 1536w, https:\/\/www.ra-grotha.de\/wp-content\/uploads\/2023\/11\/Warum-Sozialrecht-Cover.jpg 1920w\" sizes=\"auto, (max-width: 1024px) 100vw, 1024px\" \/><\/a><\/figure>\n\n\n\n<hr class=\"wp-block-separator has-alpha-channel-opacity\"\/>\n\n\n\n<p><\/p>\n\n\n\n<p>In meiner Freizeit bin ich leidenschaftlicher Basketballer, auch wenn das Selbst-Spielen leider viel zu kurz kommt. Diese Begeisterung versuche ich als Jugend-Trainer in dem Verein weiterzugeben, in dem ich als Kind schon selbst gespielt habe, der <a href=\"https:\/\/www.act-kassel-basketball.de\/u10\" target=\"_blank\" rel=\"noopener\">ACT Kassel<\/a>.<\/p>\n\n\n\n<p><\/p>\n","protected":false},"excerpt":{"rendered":"<p>Ich bin Alexander Grotha, Rechtsanwalt und mit Begeisterung Sozialrechtler. Nach meiner Geburt 1975 in Kassel habe ich dort auch den ersten Teil meines Lebens verbracht. Nach dem Abitur hat mich der Weg in \u201edie gro\u00dfe, weite Welt\u201c gef\u00fchrt \u2013 und<\/p>\n","protected":false},"author":2,"featured_media":0,"parent":2,"menu_order":0,"comment_status":"closed","ping_status":"closed","template":"","meta":{"footnotes":""},"class_list":["post-21","page","type-page","status-publish","hentry"],"_links":{"self":[{"href":"https:\/\/www.ra-grotha.de\/wordpress\/wp-json\/wp\/v2\/pages\/21","targetHints":{"allow":["GET"]}}],"collection":[{"href":"https:\/\/www.ra-grotha.de\/wordpress\/wp-json\/wp\/v2\/pages"}],"about":[{"href":"https:\/\/www.ra-grotha.de\/wordpress\/wp-json\/wp\/v2\/types\/page"}],"author":[{"embeddable":true,"href":"https:\/\/www.ra-grotha.de\/wordpress\/wp-json\/wp\/v2\/users\/2"}],"replies":[{"embeddable":true,"href":"https:\/\/www.ra-grotha.de\/wordpress\/wp-json\/wp\/v2\/comments?post=21"}],"version-history":[{"count":117,"href":"https:\/\/www.ra-grotha.de\/wordpress\/wp-json\/wp\/v2\/pages\/21\/revisions"}],"predecessor-version":[{"id":3055,"href":"https:\/\/www.ra-grotha.de\/wordpress\/wp-json\/wp\/v2\/pages\/21\/revisions\/3055"}],"up":[{"embeddable":true,"href":"https:\/\/www.ra-grotha.de\/wordpress\/wp-json\/wp\/v2\/pages\/2"}],"wp:attachment":[{"href":"https:\/\/www.ra-grotha.de\/wordpress\/wp-json\/wp\/v2\/media?parent=21"}],"curies":[{"name":"wp","href":"https:\/\/api.w.org\/{rel}","templated":true}]}}